{"id":39,"date":"2018-11-07T14:08:51","date_gmt":"2018-11-07T13:08:51","guid":{"rendered":"http:\/\/wp.kath-kirche-sangerhausen.de\/?page_id=39"},"modified":"2021-06-26T00:09:02","modified_gmt":"2021-06-25T22:09:02","slug":"ansprechpartner","status":"publish","type":"page","link":"https:\/\/www.kath-kirche-sangerhausen.de\/index.php\/ansprechpartner\/","title":{"rendered":"Impressum"},"content":{"rendered":"<p>Diese Internetpr\u00e4senz wird verantwortet von:<\/p>\n<p>Katholische Pfarrei St. Jutta<br \/>\nMogkstr. 13<br \/>\n<span style=\"text-decoration: underline;\">06526 Sangerhausen<\/span><br \/>\nTel.: 0 34 64 \/ 27 91 07<br \/>\npfarrbuero@kath-kirche-sangerhausen.de<\/p>\n<p>Haftungsausschlu\u00df:<br \/>\nDie Inhalte (Bild und Text) dieser Website wurden sorgf\u00e4ltig recherchiert und erarbeitet. Dennoch \u00fcbernehmen wir keine Haftung f\u00fcr die Angaben und angegebenen Quellen auf dieser Website. Desweiteren distanzieren wir uns ausdr\u00fccklich von der Gestaltung und den Inhalten aller gelinkten Seiten.<br \/>\nErstellt und gestaltet von Ronald Fiedler, Andreas Auer, Wolfgang Wei\u00df und Gerhard Kern, seit Januar 2021 von Andreas Wesner. Bei Fragen oder Hinweisen k\u00f6nnen Sie sich gern an unsereren Webmaster wenden.<\/p>\n<p>Tel.: 03464 34 47 25 Fax: 26 09 274<br \/>\nTel.: 03464 52 33 68<br \/>\n<a href=\"https:\/\/www.kath-kirche-sangerhausen.de\/index.php\/kontakt\/\">Kontakte<\/a><\/p>\n","protected":false},"excerpt":{"rendered":"<p>Diese Internetpr\u00e4senz wird verantwortet von: Katholische Pfarrei St. Jutta Mogkstr. 13 06526 Sangerhausen Tel.: 0 34 64 \/ 27 91 07 pfarrbuero@kath-kirche-sangerhausen.de Haftungsausschlu\u00df: Die Inhalte (Bild und Text) dieser Website wurden sorgf\u00e4ltig recherchiert und erarbeitet. Dennoch \u00fcbernehmen wir keine Haftung f\u00fcr die Angaben und angegebenen Quellen auf dieser Website. Desweiteren distanzieren wir uns ausdr\u00fccklich von <a href=\"https:\/\/www.kath-kirche-sangerhausen.de\/index.php\/ansprechpartner\/\" class=\"more-link\">...weiterlesen<span class=\"screen-reader-text\"> \"Impressum\"<\/span><\/a><\/p>\n","protected":false},"author":1,"featured_media":0,"parent":0,"menu_order":0,"comment_status":"closed","ping_status":"closed","template":"","meta":[],"_links":{"self":[{"href":"https:\/\/www.kath-kirche-sangerhausen.de\/index.php\/wp-json\/wp\/v2\/pages\/39"}],"collection":[{"href":"https:\/\/www.kath-kirche-sangerhausen.de\/index.php\/wp-json\/wp\/v2\/pages"}],"about":[{"href":"https:\/\/www.kath-kirche-sangerhausen.de\/index.php\/wp-json\/wp\/v2\/types\/page"}],"author":[{"embeddable":true,"href":"https:\/\/www.kath-kirche-sangerhausen.de\/index.php\/wp-json\/wp\/v2\/users\/1"}],"replies":[{"embeddable":true,"href":"https:\/\/www.kath-kirche-sangerhausen.de\/index.php\/wp-json\/wp\/v2\/comments?post=39"}],"version-history":[{"count":18,"href":"https:\/\/www.kath-kirche-sangerhausen.de\/index.php\/wp-json\/wp\/v2\/pages\/39\/revisions"}],"predecessor-version":[{"id":2594,"href":"https:\/\/www.kath-kirche-sangerhausen.de\/index.php\/wp-json\/wp\/v2\/pages\/39\/revisions\/2594"}],"wp:attachment":[{"href":"https:\/\/www.kath-kirche-sangerhausen.de\/index.php\/wp-json\/wp\/v2\/media?parent=39"}],"curies":[{"name":"wp","href":"https:\/\/api.w.org\/{rel}","templated":true}]}}