{"id":242,"date":"2019-04-03T22:56:35","date_gmt":"2019-04-03T20:56:35","guid":{"rendered":"http:\/\/www.kath-kirche-sangerhausen.de\/?page_id=242"},"modified":"2024-02-02T01:41:16","modified_gmt":"2024-02-02T00:41:16","slug":"hl-jutta-von-sangerhausen","status":"publish","type":"page","link":"https:\/\/www.kath-kirche-sangerhausen.de\/index.php\/hl-jutta-von-sangerhausen\/","title":{"rendered":"Hl. Jutta von Sangerhausen"},"content":{"rendered":"\n<h4 id=\"was-verbindet-uns-mit-einer-weitgehend-unbekannten-frau-aus-dem-13-jahrhundert\">Was verbindet uns mit einer weitgehend unbekannten Frau aus dem 13. Jahrhundert?<\/h4>\n\n\n\n<div class=\"wp-block-media-text alignwide has-media-on-the-right is-stacked-on-mobile\" style=\"grid-template-columns:auto 27%\"><figure class=\"wp-block-media-text__media\"><img loading=\"lazy\" width=\"142\" height=\"300\" src=\"https:\/\/www.kath-kirche-sangerhausen.de\/wp-content\/uploads\/2021\/05\/Jutta-Fenster_aus-Polen-142x300.jpg\" alt=\"Heilige Jutta; Fensterbild in der Herz-Jesu-Kirche in Sangerhausen\" class=\"wp-image-1994 size-medium\" srcset=\"https:\/\/www.kath-kirche-sangerhausen.de\/wp-content\/uploads\/2021\/05\/Jutta-Fenster_aus-Polen-142x300.jpg 142w, https:\/\/www.kath-kirche-sangerhausen.de\/wp-content\/uploads\/2021\/05\/Jutta-Fenster_aus-Polen-485x1024.jpg 485w, https:\/\/www.kath-kirche-sangerhausen.de\/wp-content\/uploads\/2021\/05\/Jutta-Fenster_aus-Polen-728x1536.jpg 728w, https:\/\/www.kath-kirche-sangerhausen.de\/wp-content\/uploads\/2021\/05\/Jutta-Fenster_aus-Polen.jpg 746w\" sizes=\"(max-width: 142px) 100vw, 142px\" \/><\/figure><div class=\"wp-block-media-text__content\">\n<p>Auch aus Sangerhausen ist eine Heilige hervorgegangen, Jutta von Sangerhausen. Heilige sind zun\u00e4chst einmal normale Menschen mit Fehlern und Schw\u00e4chen, die aber in irgendeiner Hinsicht f\u00fcr uns Vorbild sein k\u00f6nnen, weil sie \u201edie Kurve gekriegt haben\u201c hin zu einem Leben in einer besonders intensiven Gottesbeziehung oder hin zu anderen Menschen, die ihrer bed\u00fcrfen. Insofern gibt es sehr viele heiligm\u00e4\u00dfige Menschen, nicht nur die im Heiligenkalender. <\/p>\n\n\n\n<p>In dieser Hinsicht ist die hl. Jutta in der Zeit der Corona-Pandemie eine sehr aktuelle Heilige, denn sie hat - wie viele Menschen es gerade tun m\u00fcssen - ohne viel Aufhebens, aber mit vollem Einsatz Kranke gepflegt. Dies war im Mittelalter schwieriger als heute, da man auf eigene Kosten Verpflegung und Heilmittel besorgen und mit h\u00f6herer pers\u00f6nlicher Gefahr der Ansteckung rechnen mu\u00dfte.<\/p>\n\n\n\n<p>\u00dcber ihr Leben wissen wir wenig, und viele der bekannten Details sind nach wie vor r\u00e4tselhaft. Auf jeden Fall war ihr Leben ereignisreich, ja sogar spannend, und es zeigt uns eine Frau, die aus tiefster christlicher \u00dcberzeugung heraus den bed\u00fcrftigsten Menschen ihrer Stadt beistand, ob in Sangerhausen oder im Missionsgebiet an der Weichsel. <\/p>\n<\/div><\/div>\n\n\n\n<h4 id=\"juttas-erste-lebensphase-sangerhausen\">Juttas erste Lebensphase: Sangerhausen<\/h4>\n\n\n\n<p>F\u00fcr Sangerhausen ist aus dem 13. Jahrhundert wenig \u00fcberliefert und dies trifft leider auch auf die hl. Jutta zu. Es gibt keine schriftlichen Belege f\u00fcr ihr Wirken aus ihrer Sangerh\u00e4user Zeit. Wir kennen nicht einmal ihr Geburtsjahr (wohl zwischen 1200 und 1220) oder ihre Herkunft, ihren Mann, der ein Herr von Sangerhausen gewesen sein k\u00f6nnte, oder die Zahl ihrer Kinder. Man nimmt an, da\u00df sie, fr\u00fch verwitwet, ihr Leben dem Dienst an den kranken Menschen widmete, nachdem sie das vermutlich eher bescheidene Erbe an ihre Kinder verteilte hatte.<br>Darin folgte sie einer sich damals schnell ausbreitenden religi\u00f6sen Bewegung, die in Armut und Hingabe auf individuelle Art die Nachfolge Jesu verwirklichen wollte.<\/p>\n\n\n\n<h4 id=\"das-einzige-zeitgenossische-zeugnis-sweste-jutte-von-sangerhusen\">Das einzige zeitgen\u00f6ssische Zeugnis: <em>Sweste Jutte von Sangerhusen<\/em><\/h4>\n\n\n\n<div class=\"wp-block-image is-style-default\"><figure class=\"alignright size-large is-resized\"><img loading=\"lazy\" src=\"https:\/\/www.kath-kirche-sangerhausen.de\/wp-content\/uploads\/2021\/05\/Jutta_Sweste-Jutte.jpg\" alt=\"\" class=\"wp-image-2147\" width=\"233\" height=\"263\" srcset=\"https:\/\/www.kath-kirche-sangerhausen.de\/wp-content\/uploads\/2021\/05\/Jutta_Sweste-Jutte.jpg 834w, https:\/\/www.kath-kirche-sangerhausen.de\/wp-content\/uploads\/2021\/05\/Jutta_Sweste-Jutte-265x300.jpg 265w, https:\/\/www.kath-kirche-sangerhausen.de\/wp-content\/uploads\/2021\/05\/Jutta_Sweste-Jutte-768x870.jpg 768w\" sizes=\"(max-width: 233px) 100vw, 233px\" \/><figcaption><small>Ersterw\u00e4hnung der hl. Jutta im Codex Einsidlensis, Nr. 277, 2. H\u00e4lfte 14. Jh.<\/small><\/figcaption><\/figure><\/div>\n\n\n\n<p>Nur eine einzige Erw\u00e4hnung best\u00e4tigt uns, da\u00df Jutta \u00fcberhaupt existierte. Sie findet sich bei keiner geringeren als bei der gro\u00dfen Mystikerin Mechthild von Magdeburg, die als Begine dort und sp\u00e4ter im Kloster Helfta lebte. In ihrem vision\u00e4ren Hauptwerk \u201eDas Flie\u00dfende Licht der Gottheit\u201c, das etwa ab 1250 entstand, hei\u00dft es im 5. Buch (in hochdeutscher \u00dcbertragung): <br><em>Weiter sprach unser Herr: \u201eSchwester Jutta von Sangerhausen sandte ich zu den Heiden als Botin mit ihrem heiligen Gebet und ihrem guten Vorbild.\u201c<\/em><\/p>\n\n\n\n<p>Diese wenigen Worte sagen uns eine Menge \u00fcber Jutta. Sie war offensichtlich schon zu Lebzeiten \u00fcber ihre mitteldeutsche Heimat hinaus bekannt als eine gottesf\u00fcrchtige, selbstlose Frau mit einem vorbildhaften, christlichen Lebenswandel. Mechthild z\u00e4hlt sie im vorausgehenden Textabschnitt sogar zu den f\u00fcnf <em>neuen Heiligen<\/em>, zusammen mit Elisabeth von Th\u00fcringen (1207-1231) und Franz von Assisi (1182-1226). <\/p>\n\n\n\n<div class=\"wp-block-columns\">\n<div class=\"wp-block-column\" style=\"flex-basis:25%\"><\/div>\n\n\n\n<div class=\"wp-block-column\" style=\"flex-basis:50%\">\n<blockquote class=\"wp-block-quote\"><p><em>Weiter sprach unser Herr: \u201eSchwester Jutta von Sangerhausen sandte ich zu den Heiden als Botin mit ihrem heiligen Gebet und ihrem guten Vorbild.\u201c<\/em><\/p><cite>Mechthild von Magdeburg, Das Flie\u00dfende Licht der Gottheit<\/cite><\/blockquote>\n<\/div>\n\n\n\n<div class=\"wp-block-column\" style=\"flex-basis:25%\"><\/div>\n<\/div>\n\n\n\n<h4 id=\"juttas-zweite-lebensphase-deutschordensland\">Juttas zweite Lebensphase: Deutschordensland<\/h4>\n\n\n\n<p>Zugleich erf\u00e4hrt man, da\u00df Jutta bereits als Gottesbotin \u201ezu den Heiden\u201c unterwegs war, also zu den letzten heidnischen, von Pruzzen und anderen westbaltischen St\u00e4mmen bewohnten Gebieten jenseits von Weichsel und Memel, die der Deutsche Orden seit etwa zwei Jahrzehnten zu erobern versuchte. Warum sie ihre Heimat verlie\u00df, um in das ca. 800 km entfernte, umk\u00e4mpfte Deutschordensland zu ziehen, ist bis heute r\u00e4tselhaft.<\/p>\n\n\n\n<div class=\"wp-block-columns\">\n<div class=\"wp-block-column\" style=\"flex-basis:33.33%\">\n<figure class=\"wp-block-image size-large is-style-default\"><img loading=\"lazy\" width=\"682\" height=\"1024\" src=\"https:\/\/www.kath-kirche-sangerhausen.de\/wp-content\/uploads\/2021\/05\/Dom-zu-Kulmsee-682x1024.jpg\" alt=\"\" class=\"wp-image-2131\" srcset=\"https:\/\/www.kath-kirche-sangerhausen.de\/wp-content\/uploads\/2021\/05\/Dom-zu-Kulmsee-682x1024.jpg 682w, https:\/\/www.kath-kirche-sangerhausen.de\/wp-content\/uploads\/2021\/05\/Dom-zu-Kulmsee-200x300.jpg 200w, https:\/\/www.kath-kirche-sangerhausen.de\/wp-content\/uploads\/2021\/05\/Dom-zu-Kulmsee-768x1154.jpg 768w, https:\/\/www.kath-kirche-sangerhausen.de\/wp-content\/uploads\/2021\/05\/Dom-zu-Kulmsee.jpg 786w\" sizes=\"(max-width: 682px) 100vw, 682px\" \/><figcaption><small>Kulmsee: Basilika und See.  Tuschezeichnung von Willy B\u00f6hm<\/small><\/figcaption><\/figure>\n<\/div>\n\n\n\n<div class=\"wp-block-column\" style=\"flex-basis:66.66%\">\n<p>Wahrscheinlich hat dabei der 1256 gew\u00e4hlte Hochmeister Anno von Sangerhausen eine Rolle gespielt. M\u00f6glicherweise war er ein Verwandter (wobei \"von Sangerhausen\" dann als ein sonst nirgends erw\u00e4hntes Adelsgeschlecht zu verstehen w\u00e4re und nicht als reine Herkunftsbezeichnung), der sich um die Witwe sorgte, oder er sah die Chance, dem noch jungen Christentum seines Landes durch das leuchtende Vorbild Juttas zus\u00e4tzlichen Aufschwung zu verleihen.<\/p>\n\n\n\n<p><br>Auf dem R\u00fcckweg von seiner Wahl in Frankfurt \/M. k\u00f6nnte er sie in sicherer Begleitung selbst nach Preu\u00dfen mitgenommen haben, so da\u00df Jutta noch im selben Jahr dort angekommen w\u00e4re. Als gesichert gilt, da\u00df sie irgendwann in Kulmsee (heute Chelmza), dem Sitz des Domkapitels, eintraf und dort zun\u00e4chst blieb, sich aber bald als Eremitin in eine nahe gelegene Ein\u00f6de bei dem heutigen Ort Bielczyny zur\u00fcckzog.<\/p>\n<\/div>\n<\/div>\n\n\n\n<h4 id=\"gescheiterte-heiligsprechung\">Gescheiterte Heiligsprechung<\/h4>\n\n\n\n<div class=\"wp-block-columns are-vertically-aligned-bottom\">\n<div class=\"wp-block-column is-vertically-aligned-bottom\" style=\"flex-basis:100%\">\n<div class=\"wp-block-media-text alignwide has-media-on-the-right is-stacked-on-mobile\" style=\"grid-template-columns:auto 28%\"><figure class=\"wp-block-media-text__media\"><img loading=\"lazy\" width=\"354\" height=\"1024\" src=\"https:\/\/www.kath-kirche-sangerhausen.de\/wp-content\/uploads\/2021\/05\/Jutta_Hendrichs_gross-354x1024.jpg\" alt=\"\" class=\"wp-image-2151 size-full\" srcset=\"https:\/\/www.kath-kirche-sangerhausen.de\/wp-content\/uploads\/2021\/05\/Jutta_Hendrichs_gross-354x1024.jpg 354w, https:\/\/www.kath-kirche-sangerhausen.de\/wp-content\/uploads\/2021\/05\/Jutta_Hendrichs_gross-104x300.jpg 104w, https:\/\/www.kath-kirche-sangerhausen.de\/wp-content\/uploads\/2021\/05\/Jutta_Hendrichs_gross.jpg 490w\" sizes=\"(max-width: 354px) 100vw, 354px\" \/><\/figure><div class=\"wp-block-media-text__content\">\n<p>Jutta blieben nur wenige Jahre im Preu\u00dfenland, \u00fcber die ebenfalls nur wenig gesichert zu ihrem Leben \u00fcberliefert ist. Der erste Bischof der Di\u00f6zese Kulm, der Dominikaner Heidenreich (1245-63), verfa\u00dfte zwar nach Juttas Tod eine Urkunde \u00fcber ihr selbstloses Leben, doch leider ist sie ebensowenig wenig \u00fcberliefert wie ihr genaues Todesdatum. Erst in der knapp 300 Jahre sp\u00e4ter entstandenen <em>Preu\u00dfischen Chronik<\/em> des Dominikaners Simon Grunau (+1531), dem diese Urkunde vielleicht noch vorlag, wird als Todesjahr 1260 angegeben. Die Forschung hat diese Angabe bisher \u00fcbernommen. <\/p>\n\n\n\n<p><br>Der 5. Mai als Todestag wird erst weitere 100 Jahre sp\u00e4ter in einer polnischen Vita ohne n\u00e4heren Beleg genannt, hat sich seitdem aber  etabliert.<br>Nachdem Jutta gestorben war, so berichten die Quellen \u00fcbereinstimmend, wurde sie im Dom zu Kulmsee beigesetzt. Ihre Grabst\u00e4tte konnte trotz intensiver arch\u00e4ologischer Untersuchungen bis heute nicht gefunden werden.<\/p>\n\n\n\n<p><br>Nach ihrem Tod lie\u00dfen die Kulmer Bisch\u00f6fe umgehend Materialien zu ihrer Heiligsprechung sammeln und 1275 an den Vatikan \u00fcbersenden. Leider gingen alle Unterlagen verloren, so da\u00df die Kanonisierung in Rom nicht stattfand. Der Bischof von Kulm hat jedoch \u2013 wahrscheinlich noch vor 1300 \u2013 Jutta zur Seligen erhoben, um die liturgische Verehrung formal zu begr\u00fcnden. Damit gilt sie zwar nicht in der Weltkirche, aber in den Bist\u00fcmern ihrer  Wirkungsst\u00e4tten als Heilige - zumal man damals im lateinischen Sprach-gebrauch nicht so streng unterschieden hat zwischen <em>beatus<\/em> (selig) und <em>sanctus<\/em> (heilig).<\/p>\n<\/div><\/div>\n<\/div>\n<\/div>\n\n\n\n<h4 id=\"spate-verehrung-in-polen\">Sp\u00e4te Verehrung in Polen...<\/h4>\n\n\n\n<div class=\"wp-block-columns\">\n<div class=\"wp-block-column\" style=\"flex-basis:33.33%\">\n<figure class=\"wp-block-image size-large is-resized is-style-default\"><img loading=\"lazy\" src=\"https:\/\/www.kath-kirche-sangerhausen.de\/wp-content\/uploads\/2021\/05\/Jutta_Gemaelde-1.jpg\" alt=\"\" class=\"wp-image-2141\" width=\"195\" height=\"261\" srcset=\"https:\/\/www.kath-kirche-sangerhausen.de\/wp-content\/uploads\/2021\/05\/Jutta_Gemaelde-1.jpg 703w, https:\/\/www.kath-kirche-sangerhausen.de\/wp-content\/uploads\/2021\/05\/Jutta_Gemaelde-1-223x300.jpg 223w\" sizes=\"(max-width: 195px) 100vw, 195px\" \/><figcaption><small>Bildnis der hl. Jutta von Sangerhausen; Kopie des Originals im Sanktuarium von Bielczyny<\/small><\/figcaption><\/figure>\n<\/div>\n\n\n\n<div class=\"wp-block-column\" style=\"flex-basis:66.66%\">\n<p>Erst im 17. Jahrhundert wurde die hl. Jutta im Zuge der Gegenreformation wieder-entdeckt. Durch ein Dekret vom 15. April 1637 erneuerte Bischof Jan Lipski von Kulm und Pomesanien ihre Verehrung und lie\u00df im selben Jahr ein Sanktuarium in Bielczyny errichten, wodurch Kulmsee zeitweise zum Wallfahrtsort wurde. Die sp\u00e4rliche historische \u00dcberlieferung zu ihrem schon 400 Jahre zur\u00fcckliegenden Wirken beg\u00fcnstigte eine umso gr\u00f6\u00dfere Legendenbildung, die sich in mehreren Schriften des 17. bis 20. Jahrhunderts niederschlug.<\/p>\n\n\n\n<p><br>Heute ist die hl. Jutta Mitpatronin des 1992 neu gegr\u00fcndeten Bistums Torun (Thorn), zu dem Kulmsee geh\u00f6rt. Im Ort selbst findet allj\u00e4hrlich am Sonntag nach dem 5. Mai eine Wallfahrtsprozession von Kulmsee nach Bielczyny statt. In der dort 1937 errichteten Kapelle (1982 stark erweitert) befindet sich das Original des Jutta-Gem\u00e4ldes der Herz-Jesu-Kirche in Sangerhausen.<\/p>\n<\/div>\n<\/div>\n\n\n\n<h4 id=\"und-in-sangerhausen\">...und in Sangerhausen<\/h4>\n\n\n\n<div class=\"wp-block-columns\">\n<div class=\"wp-block-column\" style=\"flex-basis:66.66%\">\n<p>In ihrer Heimat publizierte eine erste Biographie \u00fcber Jutta der Fr\u00fchaufkl\u00e4rer und Direktor der Sangerh\u00e4user Stadtschule Christian Gottlob K\u00e4ndler im 18. Jahrhun-dert. Wahrscheinlich seit den 1980er Jahren kam durch Pfarrer Theodor Denis ihre Verehrung als Ortsheilige st\u00e4rker in den Blick der katholischen Herz-Jesu-Gemeinde. Seit etwa 2006 werden in der Stadt jedes Jahr um den 5. Mai herum die \u00f6kumenischen Juttatage mit zahlreichen Veranstaltungen begangen.<\/p>\n\n\n\n<p><br>Infolge der Sanierung der Herz-Jesu Kirche 2007\/08 wurde die Taufkapelle zur Jutta-Kapelle umgestaltet. Schlie\u00dflich w\u00e4hlte die vergr\u00f6\u00dferte kath. Pfarrei die heilige Jutta als ihre Patronin und nennt sich seit dem 2. Mai 2010 offiziell Pfarrei St. Jutta.<\/p>\n<\/div>\n\n\n\n<div class=\"wp-block-column\" style=\"flex-basis:33.33%\">\n<figure class=\"wp-block-image size-large is-resized is-style-default\"><img loading=\"lazy\" src=\"https:\/\/www.kath-kirche-sangerhausen.de\/wp-content\/uploads\/2021\/05\/Jutta_Herzberg_1-2-609x1024.jpg\" alt=\"\" class=\"wp-image-2156\" width=\"176\" height=\"295\" srcset=\"https:\/\/www.kath-kirche-sangerhausen.de\/wp-content\/uploads\/2021\/05\/Jutta_Herzberg_1-2-609x1024.jpg 609w, https:\/\/www.kath-kirche-sangerhausen.de\/wp-content\/uploads\/2021\/05\/Jutta_Herzberg_1-2.jpg 668w\" sizes=\"(max-width: 176px) 100vw, 176px\" \/><figcaption><small>Beitrag einer Erstkommunionfamilie zum Jutta-Fest im Corona-Jahr 2020<\/small><\/figcaption><\/figure>\n<\/div>\n<\/div>\n\n\n\n<h4 id=\"mit-der-sonne-in-der-hand\">Mit der Sonne in der Hand       <\/h4>\n\n\n\n<div class=\"wp-block-columns\">\n<div class=\"wp-block-column\" style=\"flex-basis:33.33%\">\n<figure class=\"wp-block-image size-large is-resized\"><img loading=\"lazy\" src=\"https:\/\/www.kath-kirche-sangerhausen.de\/wp-content\/uploads\/2021\/05\/Jutta_Hendrichs-1-853x1024.jpg\" alt=\"\" class=\"wp-image-2126\" width=\"213\" height=\"256\" srcset=\"https:\/\/www.kath-kirche-sangerhausen.de\/wp-content\/uploads\/2021\/05\/Jutta_Hendrichs-1-853x1024.jpg 853w, https:\/\/www.kath-kirche-sangerhausen.de\/wp-content\/uploads\/2021\/05\/Jutta_Hendrichs-1-250x300.jpg 250w, https:\/\/www.kath-kirche-sangerhausen.de\/wp-content\/uploads\/2021\/05\/Jutta_Hendrichs-1-768x922.jpg 768w, https:\/\/www.kath-kirche-sangerhausen.de\/wp-content\/uploads\/2021\/05\/Jutta_Hendrichs-1.jpg 945w\" sizes=\"(max-width: 213px) 100vw, 213px\" \/><figcaption><small>Ausschnitt des Tiefreliefs (s. oben) der hl. Jutta; farbige Holzschnitzarbeit von Hildegard Hendrichs, 1981<\/small><\/figcaption><\/figure>\n<\/div>\n\n\n\n<div class=\"wp-block-column\" style=\"flex-basis:66.66%\">\n<p>Das Attribut der hl. Jutta in der bildlichen Darstellung geht auf die bekannteste der vielen Legenden zur\u00fcck, die seit dem 17. Jahrhundert aufgezeichnet wurden. Sie erz\u00e4hlt von einem Krankenbesuch, zu dem Jutta und ihre Gef\u00e4hrtinnen am sp\u00e4ten Abend gerufen wurden. Auf dem Weg dorthin verirrten sie sich in der herein-brechenden Dunkelheit und bef\u00fcrchteten, verloren zu gehen. Jutta aber bewirkte durch ihr Gebet, da\u00df die Sonne noch einmal aufging und solange schien, bis sie ihr Ziel erreicht hatten. Dann ging die Sonne wieder unter. <br>Daher wird Jutta immer mit einer Sonne in ihrer Hand dargestellt als eine Heilige, die f\u00fcr andere eine Sonne war und uns auch heute noch als ein Vorbild leuchten kann.                          <em>AW<\/em><\/p>\n<\/div>\n<\/div>\n\n\n\n<p>Quellen:<\/p>\n\n\n\n<p>P. Gerlinghoff (Hg.), unter Mitwirkung von I. Gerlinghoff, U. H\u00f6roldt, B. Lubos-Kroll, Quellen zum Leben und zur fr\u00fchen Verehrung der heiligen Jutta von Sangerhausen, Sangerhausen 2006<\/p>\n\n\n\n<p>M. Langer, Die katholische Pfarrkirche Herz-Jesu Sangerhausen, Regensburg 2019<\/p>\n","protected":false},"excerpt":{"rendered":"<p>Was verbindet uns mit einer weitgehend unbekannten Frau aus dem 13. Jahrhundert? Auch aus Sangerhausen ist eine Heilige hervorgegangen, Jutta von Sangerhausen. Heilige sind zun\u00e4chst einmal normale Menschen mit Fehlern und Schw\u00e4chen, die aber in irgendeiner Hinsicht f\u00fcr uns Vorbild sein k\u00f6nnen, weil sie \u201edie Kurve gekriegt haben\u201c hin zu einem Leben in einer besonders <a href=\"https:\/\/www.kath-kirche-sangerhausen.de\/index.php\/hl-jutta-von-sangerhausen\/\" class=\"more-link\">...weiterlesen<span class=\"screen-reader-text\"> \"Hl. Jutta von Sangerhausen\"<\/span><\/a><\/p>\n","protected":false},"author":4,"featured_media":0,"parent":0,"menu_order":0,"comment_status":"closed","ping_status":"closed","template":"page-templates\/full-width.php","meta":[],"_links":{"self":[{"href":"https:\/\/www.kath-kirche-sangerhausen.de\/index.php\/wp-json\/wp\/v2\/pages\/242"}],"collection":[{"href":"https:\/\/www.kath-kirche-sangerhausen.de\/index.php\/wp-json\/wp\/v2\/pages"}],"about":[{"href":"https:\/\/www.kath-kirche-sangerhausen.de\/index.php\/wp-json\/wp\/v2\/types\/page"}],"author":[{"embeddable":true,"href":"https:\/\/www.kath-kirche-sangerhausen.de\/index.php\/wp-json\/wp\/v2\/users\/4"}],"replies":[{"embeddable":true,"href":"https:\/\/www.kath-kirche-sangerhausen.de\/index.php\/wp-json\/wp\/v2\/comments?post=242"}],"version-history":[{"count":82,"href":"https:\/\/www.kath-kirche-sangerhausen.de\/index.php\/wp-json\/wp\/v2\/pages\/242\/revisions"}],"predecessor-version":[{"id":5299,"href":"https:\/\/www.kath-kirche-sangerhausen.de\/index.php\/wp-json\/wp\/v2\/pages\/242\/revisions\/5299"}],"wp:attachment":[{"href":"https:\/\/www.kath-kirche-sangerhausen.de\/index.php\/wp-json\/wp\/v2\/media?parent=242"}],"curies":[{"name":"wp","href":"https:\/\/api.w.org\/{rel}","templated":true}]}}